{"id":15,"date":"2023-02-11T09:48:59","date_gmt":"2023-02-11T09:48:59","guid":{"rendered":"http:\/\/localhost:8080\/cameradinhvi\/?page_id=15"},"modified":"2025-09-17T01:57:48","modified_gmt":"2025-09-17T01:57:48","slug":"15-2","status":"publish","type":"page","link":"https:\/\/lenhienproduction.cloud\/?page_id=15","title":{"rendered":"Li\u00ean h\u1ec7"},"content":{"rendered":"\r\n<h2 data-start=\"203\" data-end=\"242\">\ud83d\udcde LI\u00caN H\u1ec6 V\u1edaI C\u00d4NG TY TNHH TRUY\u1ec0N TH\u00d4NG V\u00c0 S\u1ef0 KI\u1ec6N L\u00ca NHI\u00caN &#8211; CHANNEL L\u00ca TH\u00c2N THI\u1ec6N<\/h2>\r\n<p data-start=\"244\" data-end=\"398\"><strong data-start=\"244\" data-end=\"265\">L\u00ca NHI\u00caN &#8211; CHANEL<\/strong> \u2013 \u0110\u01a1n v\u1ecb truy\u1ec1n th\u00f4ng &amp; ph\u00e1t tri\u1ec3n th\u01b0\u01a1ng hi\u1ec7u \u0111a k\u00eanh.<br data-start=\"321\" data-end=\"324\" \/>Ch\u00fang t\u00f4i s\u1eb5n s\u00e0ng \u0111\u1ed3ng h\u00e0nh c\u00f9ng b\u1ea1n trong m\u1ecdi chi\u1ebfn d\u1ecbch truy\u1ec1n th\u00f4ng.<\/p>\r\n<h3 data-start=\"400\" data-end=\"423\">Th\u00f4ng tin li\u00ean h\u1ec7<\/h3>\r\n<ul data-start=\"424\" data-end=\"631\">\r\n<li data-start=\"424\" data-end=\"461\">\r\n<p data-start=\"426\" data-end=\"461\"><strong data-start=\"426\" data-end=\"437\">Tr\u1ee5 s\u1edf:<\/strong> 1092\/1 Kha V\u1ea1n C\u00e2n, Ph\u01b0\u1eddng Linh Chi\u1ec3u, Th\u00e0nh ph\u1ed1 Th\u1ee7 \u0110\u1ee9c, Th\u00e0nh ph\u1ed1 H\u1ed3 Ch\u00ed Minh, Vi\u1ec7t Nam<\/p>\r\n<\/li>\r\n<li data-start=\"462\" data-end=\"494\">\r\n<p data-start=\"464\" data-end=\"494\"><strong data-start=\"464\" data-end=\"476\">Hotline:<\/strong> <a class=\"text-is-phone-number\" data-z-element-type=\"phone-number\">070707.1717<\/a><\/p>\r\n<\/li>\r\n<li data-start=\"495\" data-end=\"525\">\r\n<p data-start=\"497\" data-end=\"525\"><strong data-start=\"497\" data-end=\"507\">Email:<\/strong> <a id=\"email\" class=\"yt-simple-endpoint style-scope ytd-about-channel-renderer\" href=\"mailto:vuledantri3737@gmail.com\" target=\"_blank\" rel=\"noopener\">vuledantri3737@gmail.com<\/a><\/p>\r\n<\/li>\r\n<li data-start=\"526\" data-end=\"561\">\r\n<p data-start=\"528\" data-end=\"561\"><strong data-start=\"528\" data-end=\"540\">Website:<\/strong> Lenhienproduction.com<\/p>\r\n<\/li>\r\n<li data-start=\"562\" data-end=\"594\">\r\n<p data-start=\"564\" data-end=\"594\"><strong data-start=\"564\" data-end=\"576\">Fanpage:<\/strong> <a href=\"https:\/\/www.facebook.com\/YoutubeLeThanThien\">[Link Facebook]<\/a><\/p>\r\n<\/li>\r\n<li data-start=\"595\" data-end=\"631\">\r\n<p data-start=\"597\" data-end=\"631\"><strong data-start=\"597\" data-end=\"617\">YouTube Channel:<\/strong> <a href=\"https:\/\/www.youtube.com\/@LeThanThien\">[Link k\u00eanh]<\/a><\/p>\r\n<\/li>\r\n<\/ul>\r\n<h3 data-start=\"633\" data-end=\"653\">B\u1ed9 ph\u1eadn h\u1ed7 tr\u1ee3<\/h3>\r\n<ul data-start=\"654\" data-end=\"770\">\r\n<li data-start=\"654\" data-end=\"719\">\r\n<p data-start=\"656\" data-end=\"719\"><strong data-start=\"656\" data-end=\"693\">H\u1ee3p t\u00e1c truy\u1ec1n th\u00f4ng &amp; qu\u1ea3ng c\u00e1o:<\/strong> <a class=\"text-is-phone-number\" data-z-element-type=\"phone-number\">070707.1717<\/a><\/p>\r\n<\/li>\r\n<\/ul>\r\n<p data-start=\"772\" data-end=\"881\">\ud83d\udce9 Ho\u1eb7c g\u1eedi tr\u1ef1c ti\u1ebfp y\u00eau c\u1ea7u t\u1ea1i fanpage, ch\u00fang t\u00f4i s\u1ebd ph\u1ea3n h\u1ed3i trong v\u00f2ng <strong data-start=\"862\" data-end=\"878\">24h l\u00e0m vi\u1ec7c<\/strong>.<\/p>\r\n","protected":false},"excerpt":{"rendered":"<p>\ud83d\udcde LI\u00caN H\u1ec6 V\u1edaI C\u00d4NG TY TNHH TRUY\u1ec0N TH\u00d4NG V\u00c0 S\u1ef0 KI\u1ec6N L\u00ca NHI\u00caN &#8211; CHANNEL L\u00ca TH\u00c2N THI\u1ec6N L\u00ca NHI\u00caN &#8211; CHANEL \u2013 \u0110\u01a1n v\u1ecb truy\u1ec1n th\u00f4ng &amp; ph\u00e1t tri\u1ec3n th\u01b0\u01a1ng hi\u1ec7u \u0111a k\u00eanh.Ch\u00fang t\u00f4i s\u1eb5n s\u00e0ng \u0111\u1ed3ng h\u00e0nh c\u00f9ng b\u1ea1n trong m\u1ecdi chi\u1ebfn d\u1ecbch truy\u1ec1n th\u00f4ng. Th\u00f4ng tin li\u00ean h\u1ec7 Tr\u1ee5 s\u1edf: 1092\/1&#8230;<\/p>\n","protected":false},"author":2,"featured_media":0,"parent":0,"menu_order":0,"comment_status":"closed","ping_status":"closed","template":"","meta":{"footnotes":""},"class_list":["post-15","page","type-page","status-publish","hentry"],"_links":{"self":[{"href":"https:\/\/lenhienproduction.cloud\/index.php?rest_route=\/wp\/v2\/pages\/15","targetHints":{"allow":["GET"]}}],"collection":[{"href":"https:\/\/lenhienproduction.cloud\/index.php?rest_route=\/wp\/v2\/pages"}],"about":[{"href":"https:\/\/lenhienproduction.cloud\/index.php?rest_route=\/wp\/v2\/types\/page"}],"author":[{"embeddable":true,"href":"https:\/\/lenhienproduction.cloud\/index.php?rest_route=\/wp\/v2\/users\/2"}],"replies":[{"embeddable":true,"href":"https:\/\/lenhienproduction.cloud\/index.php?rest_route=%2Fwp%2Fv2%2Fcomments&post=15"}],"version-history":[{"count":7,"href":"https:\/\/lenhienproduction.cloud\/index.php?rest_route=\/wp\/v2\/pages\/15\/revisions"}],"predecessor-version":[{"id":1350,"href":"https:\/\/lenhienproduction.cloud\/index.php?rest_route=\/wp\/v2\/pages\/15\/revisions\/1350"}],"wp:attachment":[{"href":"https:\/\/lenhienproduction.cloud\/index.php?rest_route=%2Fwp%2Fv2%2Fmedia&parent=15"}],"curies":[{"name":"wp","href":"https:\/\/api.w.org\/{rel}","templated":true}]}}