{"id":1110,"date":"2025-09-09T11:51:09","date_gmt":"2025-09-09T11:51:09","guid":{"rendered":"http:\/\/localhost\/jackduky\/?post_type=product&#038;p=1110"},"modified":"2025-09-11T00:47:27","modified_gmt":"2025-09-11T00:47:27","slug":"quan-ao-thoi-trang-thai-lan","status":"publish","type":"product","link":"https:\/\/lenhienproduction.cloud\/?product=quan-ao-thoi-trang-thai-lan","title":{"rendered":"QU\u1ea6N \u00c1O TH\u1edcI TRANG TH\u00c1I LAN"},"content":{"rendered":"<section class=\"I_DV_3\">\n<div class=\"Gf4Ro0\">\n<div class=\"ybxj32\">\n<h3 class=\"VJOnTD\">M\u00f9a<\/h3>\n<div>M\u00f9a thu<\/div>\n<\/div>\n<div class=\"ybxj32\">\n<h3 class=\"VJOnTD\">Ch\u1ea5t li\u1ec7u<\/h3>\n<div>Ren<\/div>\n<\/div>\n<div class=\"ybxj32\">\n<h3 class=\"VJOnTD\">Lo\u1ea1i trang ph\u1ee5c<\/h3>\n<div>\u0110\u1ea7m<\/div>\n<\/div>\n<div class=\"ybxj32\">\n<h3 class=\"VJOnTD\">R\u1ea5t l\u1edbn<\/h3>\n<div>C\u00f3<\/div>\n<\/div>\n<div class=\"ybxj32\">\n<h3 class=\"VJOnTD\">M\u1eabu<\/h3>\n<div>H\u1ecda ti\u1ebft<\/div>\n<\/div>\n<div class=\"ybxj32\">\n<h3 class=\"VJOnTD\">Chi\u1ec1u d\u00e0i tay \u00e1o<\/h3>\n<div>Tay \u00e1o d\u00e0i<\/div>\n<\/div>\n<div class=\"ybxj32\">\n<h3 class=\"VJOnTD\">G\u1eedi t\u1eeb<\/h3>\n<div>N\u01b0\u1edbc ngo\u00e0i<\/div>\n<\/div>\n<\/div>\n<\/section>\n<section class=\"I_DV_3\">\n<h2 class=\"WjNdTR\">M\u00d4 T\u1ea2 S\u1ea2N PH\u1ea8M<\/h2>\n<div class=\"Gf4Ro0\">\n<div class=\"e8lZp3\">\n<p class=\"QN2lPu\">S\u1ed1 m\u1eb7t h\u00e0ng: Qu\u1ea7n \u00e1o M1553 + V\u00e1y M1198 + V\u00e1y M1539<\/p>\n<p class=\"QN2lPu\">Chi\u1ec1u d\u00e0i v\u00e1y: V\u00e1y Midi<\/p>\n<p class=\"QN2lPu\">N\u0103m \/ M\u00f9a ni\u00eam y\u1ebft: M\u00f9a thu 2024<\/p>\n<p class=\"QN2lPu\">T\u00ean v\u1ea3i: Polyester<\/p>\n<p class=\"QN2lPu\">Th\u00e0nh ph\u1ea7n v\u1ea3i ch\u00ednh: Polyester (S\u1ee3i Polyester)<\/p>\n<p class=\"QN2lPu\">M\u00e0u: M1553#\u5361\u5176\u8272\u4e0a\u8863,, M1198#\u8fde\u8863\u88d9,, M1539#\u857e\u4e1d\u88d9,, M1553#\u5361\u5176\u8272\u4e0a\u8863+ M1198#\u8fde\u8863\u88d9+ M1539#\u857e\u4e1d\u88d9<\/p>\n<p class=\"QN2lPu\">K\u00edch th\u01b0\u1edbc: M, L, XL, 2XL, 3XL, 4XL<\/p>\n<p class=\"QN2lPu\">Lo\u1ea1i phong c\u00e1ch: Nh\u1eadt B\u1ea3n v\u00e0 H\u00e0n Qu\u1ed1c gi\u1ea3n d\u1ecb<\/p>\n<p class=\"QN2lPu\">N\u1ed9i dung Th\u00e0nh ph\u1ea7n V\u1ea3i ch\u00ednh N\u1ed9i dung: 80% (Bao g\u1ed3m) -90% (\u0110\u1ed9c quy\u1ec1n)<\/p>\n<p class=\"QN2lPu\">Phong c\u00e1ch: Phong c\u00e1ch l\u01b0\u1eddi bi\u1ebfng: Phong c\u00e1ch l\u01b0\u1eddi bi\u1ebfng<\/p>\n<p class=\"QN2lPu\">Phong c\u00e1ch ph\u00f9 h\u1ee3p: V\u00e1y ph\u00f9 h\u1ee3p<\/p>\n<p class=\"QN2lPu\">Lo\u1ea1i tay \u00e1o: Tay \u00e1o th\u00f4ng th\u01b0\u1eddng<\/p>\n<p class=\"QN2lPu\">Chi\u1ec1u d\u00e0i tay \u00e1o: D\u00e0i tay<\/p>\n<p class=\"QN2lPu\">Cho d\u00f9 cung c\u1ea5p xuy\u00ean bi\u00ean gi\u1edbi: Kh\u00f4ng<\/p>\n<\/div>\n<\/div>\n<\/section>\n","protected":false},"excerpt":{"rendered":"<p>M\u00f9a M\u00f9a thu Ch\u1ea5t li\u1ec7u Ren Lo\u1ea1i trang ph\u1ee5c \u0110\u1ea7m R\u1ea5t l\u1edbn C\u00f3 M\u1eabu H\u1ecda ti\u1ebft Chi\u1ec1u d\u00e0i tay \u00e1o Tay \u00e1o d\u00e0i G\u1eedi t\u1eeb N\u01b0\u1edbc ngo\u00e0i M\u00d4 T\u1ea2 S\u1ea2N PH\u1ea8M S\u1ed1 m\u1eb7t h\u00e0ng: Qu\u1ea7n \u00e1o M1553 + V\u00e1y M1198 + V\u00e1y M1539 Chi\u1ec1u d\u00e0i v\u00e1y: V\u00e1y Midi N\u0103m \/ M\u00f9a ni\u00eam y\u1ebft: M\u00f9a thu&#8230;<\/p>\n","protected":false},"featured_media":1108,"comment_status":"open","ping_status":"closed","template":"","meta":[],"product_cat":[65],"product_tag":[59],"class_list":{"0":"post-1110","1":"product","2":"type-product","3":"status-publish","4":"has-post-thumbnail","6":"product_cat-san-pham-01","7":"product_tag-quanao","9":"first","10":"instock","11":"shipping-taxable","12":"purchasable","13":"product-type-simple"},"_links":{"self":[{"href":"https:\/\/lenhienproduction.cloud\/index.php?rest_route=\/wp\/v2\/product\/1110","targetHints":{"allow":["GET"]}}],"collection":[{"href":"https:\/\/lenhienproduction.cloud\/index.php?rest_route=\/wp\/v2\/product"}],"about":[{"href":"https:\/\/lenhienproduction.cloud\/index.php?rest_route=\/wp\/v2\/types\/product"}],"replies":[{"embeddable":true,"href":"https:\/\/lenhienproduction.cloud\/index.php?rest_route=%2Fwp%2Fv2%2Fcomments&post=1110"}],"wp:featuredmedia":[{"embeddable":true,"href":"https:\/\/lenhienproduction.cloud\/index.php?rest_route=\/wp\/v2\/media\/1108"}],"wp:attachment":[{"href":"https:\/\/lenhienproduction.cloud\/index.php?rest_route=%2Fwp%2Fv2%2Fmedia&parent=1110"}],"wp:term":[{"taxonomy":"product_cat","embeddable":true,"href":"https:\/\/lenhienproduction.cloud\/index.php?rest_route=%2Fwp%2Fv2%2Fproduct_cat&post=1110"},{"taxonomy":"product_tag","embeddable":true,"href":"https:\/\/lenhienproduction.cloud\/index.php?rest_route=%2Fwp%2Fv2%2Fproduct_tag&post=1110"}],"curies":[{"name":"wp","href":"https:\/\/api.w.org\/{rel}","templated":true}]}}