{"id":1152,"date":"2025-09-10T02:21:05","date_gmt":"2025-09-10T02:21:05","guid":{"rendered":"http:\/\/localhost\/jackduky\/?post_type=product&#038;p=1152"},"modified":"2025-09-13T01:48:41","modified_gmt":"2025-09-13T01:48:41","slug":"quan-ao-thoi-trang-thai-lan-copy-copy-copy-copy","status":"publish","type":"product","link":"https:\/\/lenhienproduction.cloud\/?product=quan-ao-thoi-trang-thai-lan-copy-copy-copy-copy","title":{"rendered":"D\u1ea7u Th\u00e1i \u0110\u1ecf (Tr\u1eafng) Siang Pure"},"content":{"rendered":"<h2 data-start=\"299\" data-end=\"323\">\u2705 C\u00f4ng D\u1ee5ng N\u1ed5i B\u1eadt<\/h2>\n<ul data-start=\"324\" data-end=\"613\">\n<li data-start=\"324\" data-end=\"358\">\n<p data-start=\"326\" data-end=\"358\">Gi\u1ea3m \u0111au nh\u1ee9c c\u01a1, x\u01b0\u01a1ng, kh\u1edbp.<\/p>\n<\/li>\n<li data-start=\"359\" data-end=\"406\">\n<p data-start=\"361\" data-end=\"406\">H\u1ed7 tr\u1ee3 l\u00e0m d\u1ecbu v\u1ebft c\u00f4n tr\u00f9ng c\u1eafn, mu\u1ed7i \u0111\u1ed1t.<\/p>\n<\/li>\n<li data-start=\"407\" data-end=\"452\">\n<p data-start=\"409\" data-end=\"452\">Gi\u00fap gi\u1ea3m c\u1ea3m l\u1ea1nh, ngh\u1eb9t m\u0169i, ch\u00f3ng m\u1eb7t.<\/p>\n<\/li>\n<li data-start=\"453\" data-end=\"490\">\n<p data-start=\"455\" data-end=\"490\">Xoa d\u1ecbu c\u01a1n \u0111au \u0111\u1ea7u, m\u1ecfi vai g\u00e1y.<\/p>\n<\/li>\n<li data-start=\"491\" data-end=\"530\">\n<p data-start=\"493\" data-end=\"530\">Gi\u1eef \u1ea5m c\u01a1 th\u1ec3 trong th\u1eddi ti\u1ebft l\u1ea1nh.<\/p>\n<\/li>\n<li data-start=\"531\" data-end=\"559\">\n<p data-start=\"533\" data-end=\"559\">H\u1ed7 tr\u1ee3 ch\u1ed1ng say t\u00e0u xe.<\/p>\n<\/li>\n<li data-start=\"560\" data-end=\"613\">\n<p data-start=\"562\" data-end=\"613\">Mang l\u1ea1i c\u1ea3m gi\u00e1c th\u01b0 gi\u00e3n, tinh th\u1ea7n s\u1ea3ng kho\u00e1i.<\/p>\n<\/li>\n<\/ul>\n<hr data-start=\"615\" data-end=\"618\" \/>\n<h2 data-start=\"620\" data-end=\"645\">\ud83d\udc65 \u0110\u1ed1i T\u01b0\u1ee3ng S\u1eed D\u1ee5ng<\/h2>\n<ul data-start=\"646\" data-end=\"795\">\n<li data-start=\"646\" data-end=\"701\">\n<p data-start=\"648\" data-end=\"701\">Ng\u01b0\u1eddi th\u01b0\u1eddng xuy\u00ean \u0111au nh\u1ee9c, m\u1ecfi c\u01a1 \u2013 x\u01b0\u01a1ng \u2013 kh\u1edbp.<\/p>\n<\/li>\n<li data-start=\"702\" data-end=\"748\">\n<p data-start=\"704\" data-end=\"748\">Ng\u01b0\u1eddi d\u1ec5 b\u1ecb tr\u00fang gi\u00f3, hoa m\u1eaft, ch\u00f3ng m\u1eb7t.<\/p>\n<\/li>\n<li data-start=\"749\" data-end=\"795\">\n<p data-start=\"751\" data-end=\"795\">Ng\u01b0\u1eddi hay \u0111i t\u00e0u xe ho\u1eb7c b\u1ecb c\u00f4n tr\u00f9ng \u0111\u1ed1t.<\/p>\n<\/li>\n<\/ul>\n<hr data-start=\"797\" data-end=\"800\" \/>\n<h2 data-start=\"802\" data-end=\"832\">\ud83d\udca1 C\u00e1ch D\u00f9ng &amp; Li\u1ec1u L\u01b0\u1ee3ng<\/h2>\n<ul data-start=\"833\" data-end=\"1049\">\n<li data-start=\"833\" data-end=\"881\">\n<p data-start=\"835\" data-end=\"881\"><strong data-start=\"835\" data-end=\"879\">Ch\u1ec9 d\u00f9ng ngo\u00e0i da, tuy\u1ec7t \u0111\u1ed1i kh\u00f4ng u\u1ed1ng.<\/strong><\/p>\n<\/li>\n<li data-start=\"882\" data-end=\"956\">\n<p data-start=\"884\" data-end=\"956\">Khi c\u1ea3m l\u1ea1nh, hoa m\u1eaft, ch\u00f3ng m\u1eb7t, \u0111au \u0111\u1ea7u: b\u00f4i ho\u1eb7c ng\u1eedi 3\u20134 l\u1ea7n\/ng\u00e0y.<\/p>\n<\/li>\n<li data-start=\"957\" data-end=\"1049\">\n<p data-start=\"959\" data-end=\"1049\">Khi b\u1ecb b\u1ea7m t\u00edm, \u0111au nh\u1ee9c ho\u1eb7c c\u00f4n tr\u00f9ng \u0111\u1ed1t: xoa tr\u1ef1c ti\u1ebfp l\u00ean v\u00f9ng b\u1ecb \u0111au 3\u20134 l\u1ea7n\/ng\u00e0y.<\/p>\n<\/li>\n<\/ul>\n<hr data-start=\"1051\" data-end=\"1054\" \/>\n<p data-start=\"1056\" data-end=\"1176\">\ud83d\udc49 <strong data-start=\"1059\" data-end=\"1093\">D\u1ea7u Th\u00e1i \u0110\u1ecf (tr\u1eafng) Siang Pure<\/strong> \u2013 l\u1ef1a ch\u1ecdn an to\u00e0n, ti\u1ec7n l\u1ee3i, nh\u1ecf g\u1ecdn, d\u1ec5 mang theo, th\u00edch h\u1ee3p cho m\u1ecdi gia \u0111\u00ecnh.<\/p>\n","protected":false},"excerpt":{"rendered":"<p>\u2705 C\u00f4ng D\u1ee5ng N\u1ed5i B\u1eadt Gi\u1ea3m \u0111au nh\u1ee9c c\u01a1, x\u01b0\u01a1ng, kh\u1edbp. H\u1ed7 tr\u1ee3 l\u00e0m d\u1ecbu v\u1ebft c\u00f4n tr\u00f9ng c\u1eafn, mu\u1ed7i \u0111\u1ed1t. Gi\u00fap gi\u1ea3m c\u1ea3m l\u1ea1nh, ngh\u1eb9t m\u0169i, ch\u00f3ng m\u1eb7t. Xoa d\u1ecbu c\u01a1n \u0111au \u0111\u1ea7u, m\u1ecfi vai g\u00e1y. Gi\u1eef \u1ea5m c\u01a1 th\u1ec3 trong th\u1eddi ti\u1ebft l\u1ea1nh. H\u1ed7 tr\u1ee3 ch\u1ed1ng say t\u00e0u xe. Mang l\u1ea1i c\u1ea3m gi\u00e1c&#8230;<\/p>\n","protected":false},"featured_media":1301,"comment_status":"open","ping_status":"closed","template":"","meta":[],"product_cat":[65],"product_tag":[75,73,74],"class_list":{"0":"post-1152","1":"product","2":"type-product","3":"status-publish","4":"has-post-thumbnail","6":"product_cat-san-pham-01","7":"product_tag-dauthaoduoc","8":"product_tag-dauxoabop","9":"product_tag-jackduky","11":"first","12":"instock","13":"shipping-taxable","14":"purchasable","15":"product-type-simple"},"_links":{"self":[{"href":"https:\/\/lenhienproduction.cloud\/index.php?rest_route=\/wp\/v2\/product\/1152","targetHints":{"allow":["GET"]}}],"collection":[{"href":"https:\/\/lenhienproduction.cloud\/index.php?rest_route=\/wp\/v2\/product"}],"about":[{"href":"https:\/\/lenhienproduction.cloud\/index.php?rest_route=\/wp\/v2\/types\/product"}],"replies":[{"embeddable":true,"href":"https:\/\/lenhienproduction.cloud\/index.php?rest_route=%2Fwp%2Fv2%2Fcomments&post=1152"}],"wp:featuredmedia":[{"embeddable":true,"href":"https:\/\/lenhienproduction.cloud\/index.php?rest_route=\/wp\/v2\/media\/1301"}],"wp:attachment":[{"href":"https:\/\/lenhienproduction.cloud\/index.php?rest_route=%2Fwp%2Fv2%2Fmedia&parent=1152"}],"wp:term":[{"taxonomy":"product_cat","embeddable":true,"href":"https:\/\/lenhienproduction.cloud\/index.php?rest_route=%2Fwp%2Fv2%2Fproduct_cat&post=1152"},{"taxonomy":"product_tag","embeddable":true,"href":"https:\/\/lenhienproduction.cloud\/index.php?rest_route=%2Fwp%2Fv2%2Fproduct_tag&post=1152"}],"curies":[{"name":"wp","href":"https:\/\/api.w.org\/{rel}","templated":true}]}}